{"id":20,"date":"2023-08-28T15:19:38","date_gmt":"2023-08-28T15:19:38","guid":{"rendered":"https:\/\/www.finazzi.org\/wordpress\/?page_id=20"},"modified":"2023-09-18T10:25:17","modified_gmt":"2023-09-18T10:25:17","slug":"datenschutzerklaerung","status":"publish","type":"page","link":"https:\/\/www.finazzi.org\/index.php\/datenschutzerklaerung\/","title":{"rendered":"Datenschutzerkl\u00e4rung"},"content":{"rendered":"\n<h1 class=\"wp-block-heading\"><\/h1>\n\n\n\n<p><strong>In dieser Datenschutzerkl\u00e4rung erl\u00e4utern wir, die FinazziFinance GmbH, wie wir Personendaten erheben und bearbeiten. Dazu geh\u00f6ren die Speicherung, die Bearbeitung, die Nutzung und das L\u00f6schen usw. Allenfalls regeln andere Datenschutzerkl\u00e4rungen, wie allgemeine Gesch\u00e4ftsbedingungen (AGB), Allgemeine Versicherungsbedingungen (AVB), und \u00e4hnliche Dokumente sowie spezifische Sachverhalte. Unter Personendaten werden alle Angaben verstanden, die sich auf eine bestimmte oder bestimmbare Person beziehen.<\/strong><\/p>\n\n\n\n<p><strong>Wenn Sie uns Personendaten anderer Personen (z.B. Familienmitglieder, Angestellten, Arbeitskollegen) zur Verf\u00fcgung stellen, stellen Sie bitte sicher, dass diese Personen die vorliegende Datenschutzerkl\u00e4rung kennen und teilen Sie uns deren Personendaten nur mit, wenn Sie dies d\u00fcrfen und wenn diese Personendaten korrekt sind.<\/strong><\/p>\n\n\n\n<p><strong>Diese Datenschutzerkl\u00e4rung gilt f\u00fcr alle Webseiten, Anwendungen, Services, Vertr\u00e4ge und Tools der FinazziFinance GmbH sofern dort nicht eigene Datenschutzbestimmungen hinterlegt sind, und unabh\u00e4ngig davon, wie Sie diese aufrufen oder verwenden (inkl. Zugriff \u00fcber Mobilger\u00e4te). Sofern notwendig k\u00f6nnen wir f\u00fcr weitere Aktivit\u00e4ten eine separate Datenschutzinformation verfassen.<\/strong><\/p>\n\n\n\n<p><strong>F\u00fcr die Erbringung unserer Dienstleistungen bearbeiten wir Ihre Personendaten nach den Bestimmungen des Schweizerischen Datenschutzgesetz (revDSG).<\/strong><\/p>\n\n\n\n<h3 class=\"wp-block-heading\">1.&nbsp;&nbsp;&nbsp;&nbsp;&nbsp;&nbsp;&nbsp;&nbsp;&nbsp;&nbsp; Verantwortlicher \/ Datenschutzbeauftrager \/ Vertreter<\/h3>\n\n\n\n<p><strong>Verantwortlich f\u00fcr die Datenbearbeitungen, die wir hier beschreiben, ist FinazziFinance GmbH, Weststrasse 7, 5426 Lengnau AG, soweit im Einzelfall nichts anderes angegeben ist. Wenn Sie datenschutzrechtliche Anliegen haben, k\u00f6nnen Sie uns diese an folgende Kontaktadresse mitteilen:<\/strong><\/p>\n\n\n\n<figure class=\"wp-block-image size-full\"><img loading=\"lazy\" decoding=\"async\" width=\"186\" height=\"158\" src=\"https:\/\/www.finazzi.org\/wp-content\/uploads\/2023\/09\/Adresse-2.png\" alt=\"\" class=\"wp-image-183\"\/><\/figure>\n\n\n\n<div class=\"wp-block-buttons is-layout-flex wp-block-buttons-is-layout-flex\">\n<div class=\"wp-block-button\"><a class=\"wp-block-button__link wp-element-button\" href=\"https:\/\/www.finazzi.org\/index.php\/kontaktformular\/\">Kontakt<\/a><\/div>\n<\/div>\n\n\n\n<h3 class=\"wp-block-heading\">2.&nbsp;&nbsp;&nbsp;&nbsp;&nbsp;&nbsp;&nbsp;&nbsp;&nbsp;&nbsp; Erhebung und Bearbeitung von Personendaten<\/h3>\n\n\n\n<p><strong>Wir bearbeiten in erster Linie die Personendaten, die wir im Rahmen unserer Gesch\u00e4ftsbeziehung mit unseren Kunden und anderen Gesch\u00e4ftspartnern von diesen und weiteren daran beteiligten Personen erhalten oder die wir beim Betrieb unserer Websites, Apps und weiteren Anwendungen von deren Nutzern erheben.<\/strong><\/p>\n\n\n\n<p><strong>Soweit dies erlaubt ist, entnehmen wir auch \u00f6ffentlich zug\u00e4nglichen Quellen (z.B., Handelsregister, Presse, Internet), von Beh\u00f6rden und sonstigen Dritten (wie z.B. Arbeitgeber, Familie, Agenturen, Versicherungen, Vorsorgeeinrichtungen, Steueramt usw.). Nebst den Daten von Ihnen, die Sie uns direkt geben, umfassen die Kategorien von Personendaten, die wir von Dritten \u00fcber Sie erhalten, insbesondere Angaben aus \u00f6ffentlichen Registern, Angaben, die wir im Zusammenhang mit beh\u00f6rdlichen und gerichtlichen Verfahren erfahren, Angaben im Zusammenhang mit ihren beruflichen Funktionen und Aktivit\u00e4ten, Angaben \u00fcber Sie in Korrespondenz und Besprechungen mit Dritten, Bonit\u00e4tsausk\u00fcnfte, Angaben \u00fcber Sie, die uns Personen aus Ihrem Umfeld (Familie, Berater, Rechtsvertreter, etc.) geben, damit wir Vertr\u00e4ge mit Ihnen oder unter Einbezug von Ihnen abschliessen oder abwickeln k\u00f6nnen (z.B. Referenzen, Ihre Adresse f\u00fcr Beratungen, Vollmachten, Angaben zur Einhaltung gesetzlicher Vorgaben wie etwa der Geldw\u00e4schereibek\u00e4mpfung, Angaben von Banken, Versicherungen, Vertriebs- und anderen Vertragspartnern von uns zur Inanspruchnahme oder Erbringung von Leistungen durch Sie, Ihre Adressen und ggf. Interessen, Daten im Zusammenhang mit der Benutzung der Website (z.B. IP-Adresse, MAC-Adresse des Smartphones oder Computers, Angaben zu Ihrem Ger\u00e4t und Einstellungen, Cookies, Datum und Zeit des Besuchs, abgerufene Seiten und Inhalte, benutzte Funktionen, verweisende Website, Standortangaben).<\/strong><\/p>\n\n\n\n<h3 class=\"wp-block-heading\">3.&nbsp;<a>&nbsp;&nbsp;&nbsp;&nbsp;&nbsp;&nbsp;&nbsp;&nbsp;&nbsp;<\/a>&nbsp;Zwecke der Datenbearbeitung und Rechtsgrundlagen<\/h3>\n\n\n\n<p><strong>Wir verwenden die von uns erhobenen Personendaten in erster Linie f\u00fcr Abkl\u00e4rungen bei Lieferanten, Offerten, Vertragsvorbereitung und -Abschluss sowie zur Erfassung und Eingabe von Steuererkl\u00e4rungen, Vertr\u00e4ge mit und f\u00fcr unsere Kunden und Gesch\u00e4ftspartnern abzuschliessen und abzuwickeln. Dar\u00fcber hinaus bearbeiten wir Personendaten von Ihnen und weiteren Personen, soweit erlaubt und es uns als angezeigt erscheint, auch f\u00fcr folgende Zwecke, an denen wir (und zuweilen auch Dritte) ein dem Zweck entsprechendes berechtigtes Interesse haben:<\/strong><\/p>\n\n\n\n<ul class=\"wp-block-list\">\n<li><strong>Daten zur Person (z.B. Name, Adresse und andere Kontaktdaten, Geburtstag, Sprache, Antrags- und Benutzungsdaten, Bonit\u00e4tsdaten).<\/strong><\/li>\n\n\n\n<li><strong>Kommunikation mit Dritten und Bearbeitung derer Anfragen (z.B. Versicherungen, Steuer\u00e4mter, Vorsorgeeinrichtungen).<\/strong><\/li>\n\n\n\n<li><strong>Weitere Daten, zu deren Erfassung und Verarbeitung wir gesetzlich verpflichtet oder berechtigt sind und die wir f\u00fcr Ihre Authentifizierung, Identifizierung oder zur \u00dcberpr\u00fcfung der von uns erhobenen Daten ben\u00f6tigen (z.B. Herkunft von Verm\u00f6genswerten). Bei Leistungsf\u00e4llen, welche Ihre Arbeitnehmer betreffen gehen wir davon aus, dass Sie die betroffene Person \u00fcber unsere Datenschutzrichtlinien informiert haben und die Einwilligung erhalten haben.<\/strong><\/li>\n\n\n\n<li><strong>Pr\u00fcfung und Optimierung von Verfahren zur Bedarfsanalyse zwecks direkter Kundenansprache sowie Erhebung von Personendaten aus \u00f6ffentlich zug\u00e4nglichen Quellen.<\/strong><\/li>\n\n\n\n<li><strong>Geltendmachung rechtlicher Anspr\u00fcche und Verteidigung in Zusammenhang mit rechtlichen Streitigkeiten und beh\u00f6rdlichen Verfahren.<\/strong><\/li>\n\n\n\n<li><strong>Verhinderung und Aufkl\u00e4rung von Straftaten und sonstigem Fehlverhalten (z.B. Durchf\u00fchrung interner Untersuchungen, Datenanalysen zur Betrugsbek\u00e4mpfung).<\/strong><\/li>\n\n\n\n<li><strong>Gew\u00e4hrleistungen unseres Betriebs, insbesondere der IT, unserer Websites, Apps und weiteren Plattformen.<\/strong><\/li>\n\n\n\n<li><strong>Massnahmen zur Wahrung des Hausrechts, zur IT-, Geb\u00e4ude- und Anlagesicherheit und Schutz unserer Mitarbeiter und weiteren Personen und uns geh\u00f6renden oder anvertrauten Werte (wie z.B. Zutrittskontrollen, Besucherlisten, Netzwerk- und Mailscanner).<\/strong><\/li>\n<\/ul>\n\n\n\n<p><strong>Eine erteilte Einwilligung kann jederzeit widerrufen werden, was jedoch keine Auswirkung auf bereits erfolgte Datenbearbeitungen hat.<\/strong><\/p>\n\n\n\n<h3 class=\"wp-block-heading\">4.&nbsp;&nbsp;&nbsp;&nbsp;&nbsp;&nbsp;&nbsp;&nbsp;&nbsp;&nbsp; Cookies, Analysetools und Profiling<\/h3>\n\n\n\n<p>A<strong>uf unserer Website verwenden wir ausschliesslich technisch notwendige Cookies. Diese Cookies sorgen daf\u00fcr, dass die Website funktioniert (inkl. Kontaktformular). Wir betreiben kein automatisiertes Profiling und verwenden keine automatisierten Webanalysedienste wie Google Analytics. Wir setzen auf unserer Website keinerlei Social Media Plug Ins ein.<\/strong><\/p>\n\n\n\n<p><\/p>\n\n\n\n<h3 class=\"wp-block-heading\">5.&nbsp;&nbsp;&nbsp;&nbsp;&nbsp;&nbsp;&nbsp;&nbsp;&nbsp;&nbsp; Dauer der Aufbewahrung von Personendaten<\/h3>\n\n\n\n<p><strong>Wir verarbeiten und speichern Ihre Personendaten, solange es f\u00fcr die Erf\u00fcllung unserer vertraglichen und gesetzlichen Pflichten oder sonst die mit der Bearbeitung verfolgten Zwecke erforderlich ist, d.h. also zum Beispiel f\u00fcr die Dauer der gesamten Gesch\u00e4ftsbeziehung (von der Anbahnung, Abwicklung bis zur Beendigung eines Vertrags) sowie dar\u00fcber hinaus gem\u00e4ss den gesetzlichen Aufbewahrungs- und Dokumentationspflichten, sowie f\u00fcr die sp\u00e4tere Nachvollziehbarkeit einer erfolgten Kundenberatung. Dabei ist es m\u00f6glich, dass Personendaten f\u00fcr die Zeit aufbewahrt werden, in der Anspr\u00fcche gegen unser Unternehmen geltend gemacht werden k\u00f6nnen und soweit wir anderweitig gesetzlich dazu verpflichtet sind oder berechtigte Gesch\u00e4ftsinteressen dies erfordern (z.B. f\u00fcr Beweis- und Dokumentationszwecke). Sobald Ihre Personendaten f\u00fcr die oben genannten Zwecke nicht mehr erforderlich sind, werden sie grunds\u00e4tzlich und soweit m\u00f6glich gel\u00f6scht. F\u00fcr betriebliche Daten (z.B. Systemprotokolle, Logs), gelten grunds\u00e4tzliche k\u00fcrzere Aufbewahrungsfristen von zw\u00f6lf Monaten oder weniger.<\/strong><\/p>\n\n\n\n<h3 class=\"wp-block-heading\">6.&nbsp;&nbsp;&nbsp;&nbsp;&nbsp;&nbsp;&nbsp;&nbsp;&nbsp;&nbsp; Datensicherheit<\/h3>\n\n\n\n<p><strong>Wir treffen angemessene technische und organisatorische Sicherheitsvorkehrungen zum Schutz Ihrer Personendaten vor unberechtigtem Zugriff und Missbrauch wie etwa der Erlass von Weisungen, Schulungen, IT- und Netzwerksicherheitsl\u00f6sungen, Zugangskontrollen und \u2013Beschr\u00e4nkungen, Verschl\u00fcsselung von Datentr\u00e4gern und \u00dcbermittlungen sowie Kontrollen. Wir weisen darauf hin, dass die Daten\u00fcbertragung im Internet (z.B. bei der Kommunikation per E-Mail) Sicherheitsl\u00fccken aufweisen kann. Ein l\u00fcckenloser Schutz der Daten vor dem Zugriff durch Dritte ist nicht m\u00f6glich.<\/strong><\/p>\n\n\n\n<h3 class=\"wp-block-heading\">7.&nbsp;&nbsp;&nbsp;&nbsp;&nbsp;&nbsp;&nbsp; Weitergabe an Dritte und Daten\u00fcbermittlung ins Ausland<\/h3>\n\n\n\n<p><strong>Wir verfolgen den Grundsatz, die Weitergabe personenbezogener Daten an Dritte oder ins Ausland zu vermeiden. In Ausnahmef\u00e4llen k\u00f6nnen wir dazu gesetzlich oder durch beh\u00f6rdliche oder gerichtliche Anordnungen verpflichtet werden.<\/strong><\/p>\n\n\n\n<h3 class=\"wp-block-heading\">8.&nbsp;&nbsp;&nbsp;&nbsp;&nbsp;&nbsp;&nbsp;&nbsp;&nbsp;&nbsp; Pflicht zur Bereitstellung von Personendaten<\/h3>\n\n\n\n<p><strong>Im Rahmen unserer Gesch\u00e4ftsbeziehung m\u00fcssen Sie diejenigen Personendaten bereitstellen, die f\u00fcr die Aufnahme und Durchf\u00fchrung einer Gesch\u00e4ftsbeziehung und der Erf\u00fcllung der damit verbundenen vertraglichen Pflichten erforderlich sind (eine gesetzliche Pflicht, uns Daten bereitzustellen, haben Sie in der Regel nicht). Ohne diese Daten werden wir in der Regel nicht in der Lage sein, einen Vertrag mit Ihnen (oder der Stelle oder Person, die Sie vertreten) zu schliessen oder diesen abzuwickeln. Auch die Website kann nicht genutzt werden, wenn gewisse Angaben zur Sicherstellung des Datenverkehrs (wie z.B. IP-Adresse) nicht offengelegt werden.<\/strong><\/p>\n\n\n\n<h3 class=\"wp-block-heading\">9.&nbsp;&nbsp;&nbsp;&nbsp;&nbsp;&nbsp;&nbsp; Rechte der betroffenen Person<\/h3>\n\n\n\n<p><strong>Sie haben im Rahmen des auf Sie anwendbaren Datenschutzrechts und soweit darin vorgesehen das Recht auf Auskunft, Berichtigung, L\u00f6schung, das Recht auf Einschr\u00e4nkung der Datenbearbeitung.<\/strong><\/p>\n\n\n\n<p><strong>Bitte beachten Sie aber, dass wir uns vorbehalten, unsererseits die gesetzlich vorgesehenen Einschr\u00e4nkungen geltend zu machen, etwa wenn wir zur Aufbewahrung oder Bearbeitung gewisser Daten verpflichtet sind, daran ein \u00fcberwiegendes Interesse haben (soweit wir uns darauf berufen d\u00fcrfen) oder sie f\u00fcr die Geltendmachung von Anspr\u00fcchen ben\u00f6tigen. Falls f\u00fcr Sie Kosten anfallen, werden wir Sie vorab informieren. Beachten Sie, dass die Aus\u00fcbung dieser Rechte im Konflikt zu vertraglichen Abmachungen stehen kann und dies Folgen wie z.B. die vorzeitige Vertragsaufl\u00f6sung oder Kostenfolgen haben kann. Wir werden Sie diesfalls vorg\u00e4ngig informieren, wo dies nicht bereits vertraglich geregelt ist.<\/strong><\/p>\n\n\n\n<p><strong>Die Aus\u00fcbung solcher Rechte setzt in der Regel voraus, dass Sie Ihre Identit\u00e4t eindeutig nachweisen (z.B. durch eine Ausweiskopie, wo Ihre Identit\u00e4t sonst nicht klar ist bzw. verifiziert werden kann). Zur Geltendmachung Ihrer Rechte k\u00f6nnen Sie uns unter der in Ziffer 1 angegebenen Adresse kontaktieren.<\/strong><\/p>\n\n\n\n<p><strong>Jede betroffene Person hat \u00fcberdies das Recht, ihre Anspr\u00fcche gerichtlich durchzusetzen oder bei der zust\u00e4ndigen Datenschutzbeh\u00f6rde eine Beschwerde einzureichen. Die zust\u00e4ndige Datenschutzbeh\u00f6rde der Schweiz ist der Eidgen\u00f6ssische Datenschutz- und \u00d6ffentlichkeitsbeauftragte (<a href=\"http:\/\/www.edoeb.admin.ch\">http:\/\/www.edoeb.admin.ch<\/a>)<\/strong><\/p>\n\n\n\n<h3 class=\"wp-block-heading\">10.&nbsp;&nbsp;&nbsp;&nbsp;&nbsp;&nbsp;&nbsp; \u00c4nderungen<\/h3>\n\n\n\n<p><strong>Wir k\u00f6nnen diese Datenschutzerkl\u00e4rung jederzeit ohne Vorank\u00fcndigung anpassen. Es gilt die jeweils aktuelle, auf unserer Website publizierte Fassung. Soweit die Datenschutzerkl\u00e4rung Teil einer Vereinbarung mit Ihnen ist, werden wir Sie im Falle einer Aktualisierung \u00fcber die \u00c4nderung per E-Mail oder auf andere geeignete Weise informieren.<\/strong><\/p>\n\n\n\n<p><\/p>\n\n\n\n<p><strong>Version 31.08.2023<br>Copyright \u00a9 FinazziFinance GmbH 2023<\/strong><\/p>\n","protected":false},"excerpt":{"rendered":"<p>In dieser Datenschutzerkl\u00e4rung erl\u00e4utern wir, die FinazziFinance GmbH, wie wir Personendaten erheben und bearbeiten. Dazu geh\u00f6ren die Speicherung, die Bearbeitung, die Nutzung und das L\u00f6schen usw. Allenfalls regeln andere Datenschutzerkl\u00e4rungen, wie allgemeine Gesch\u00e4ftsbedingungen (AGB), Allgemeine Versicherungsbedingungen (AVB), und \u00e4hnliche Dokumente sowie spezifische Sachverhalte. Unter Personendaten werden alle Angaben verstanden, die sich auf eine bestimmte oder [&hellip;]<\/p>\n","protected":false},"author":1,"featured_media":0,"parent":0,"menu_order":0,"comment_status":"closed","ping_status":"closed","template":"","meta":{"footnotes":""},"class_list":["post-20","page","type-page","status-publish","hentry"],"blocksy_meta":[],"yoast_head":"<!-- This site is optimized with the Yoast SEO plugin v24.6 - https:\/\/yoast.com\/wordpress\/plugins\/seo\/ -->\n<title>Datenschutzerkl\u00e4rung - Finazzifinance<\/title>\n<meta name=\"robots\" content=\"index, follow, max-snippet:-1, max-image-preview:large, max-video-preview:-1\" \/>\n<link rel=\"canonical\" href=\"https:\/\/www.finazzi.org\/index.php\/datenschutzerklaerung\/\" \/>\n<meta property=\"og:locale\" content=\"de_DE\" \/>\n<meta property=\"og:type\" content=\"article\" \/>\n<meta property=\"og:title\" content=\"Datenschutzerkl\u00e4rung - Finazzifinance\" \/>\n<meta property=\"og:description\" content=\"In dieser Datenschutzerkl\u00e4rung erl\u00e4utern wir, die FinazziFinance GmbH, wie wir Personendaten erheben und bearbeiten. Dazu geh\u00f6ren die Speicherung, die Bearbeitung, die Nutzung und das L\u00f6schen usw. Allenfalls regeln andere Datenschutzerkl\u00e4rungen, wie allgemeine Gesch\u00e4ftsbedingungen (AGB), Allgemeine Versicherungsbedingungen (AVB), und \u00e4hnliche Dokumente sowie spezifische Sachverhalte. Unter Personendaten werden alle Angaben verstanden, die sich auf eine bestimmte oder [&hellip;]\" \/>\n<meta property=\"og:url\" content=\"https:\/\/www.finazzi.org\/index.php\/datenschutzerklaerung\/\" \/>\n<meta property=\"og:site_name\" content=\"Finazzifinance\" \/>\n<meta property=\"article:modified_time\" content=\"2023-09-18T10:25:17+00:00\" \/>\n<meta property=\"og:image\" content=\"https:\/\/www.finazzi.org\/wp-content\/uploads\/2023\/09\/Adresse-2.png\" \/>\n<meta name=\"twitter:card\" content=\"summary_large_image\" \/>\n<meta name=\"twitter:label1\" content=\"Gesch\u00e4tzte Lesezeit\" \/>\n\t<meta name=\"twitter:data1\" content=\"8\u00a0Minuten\" \/>\n<script type=\"application\/ld+json\" class=\"yoast-schema-graph\">{\"@context\":\"https:\/\/schema.org\",\"@graph\":[{\"@type\":\"WebPage\",\"@id\":\"https:\/\/www.finazzi.org\/index.php\/datenschutzerklaerung\/\",\"url\":\"https:\/\/www.finazzi.org\/index.php\/datenschutzerklaerung\/\",\"name\":\"Datenschutzerkl\u00e4rung - Finazzifinance\",\"isPartOf\":{\"@id\":\"https:\/\/www.finazzi.org\/#website\"},\"primaryImageOfPage\":{\"@id\":\"https:\/\/www.finazzi.org\/index.php\/datenschutzerklaerung\/#primaryimage\"},\"image\":{\"@id\":\"https:\/\/www.finazzi.org\/index.php\/datenschutzerklaerung\/#primaryimage\"},\"thumbnailUrl\":\"https:\/\/www.finazzi.org\/wp-content\/uploads\/2023\/09\/Adresse-2.png\",\"datePublished\":\"2023-08-28T15:19:38+00:00\",\"dateModified\":\"2023-09-18T10:25:17+00:00\",\"breadcrumb\":{\"@id\":\"https:\/\/www.finazzi.org\/index.php\/datenschutzerklaerung\/#breadcrumb\"},\"inLanguage\":\"de\",\"potentialAction\":[{\"@type\":\"ReadAction\",\"target\":[\"https:\/\/www.finazzi.org\/index.php\/datenschutzerklaerung\/\"]}]},{\"@type\":\"ImageObject\",\"inLanguage\":\"de\",\"@id\":\"https:\/\/www.finazzi.org\/index.php\/datenschutzerklaerung\/#primaryimage\",\"url\":\"https:\/\/www.finazzi.org\/wp-content\/uploads\/2023\/09\/Adresse-2.png\",\"contentUrl\":\"https:\/\/www.finazzi.org\/wp-content\/uploads\/2023\/09\/Adresse-2.png\",\"width\":186,\"height\":158},{\"@type\":\"BreadcrumbList\",\"@id\":\"https:\/\/www.finazzi.org\/index.php\/datenschutzerklaerung\/#breadcrumb\",\"itemListElement\":[{\"@type\":\"ListItem\",\"position\":1,\"name\":\"Startseite\",\"item\":\"https:\/\/www.finazzi.org\/\"},{\"@type\":\"ListItem\",\"position\":2,\"name\":\"Datenschutzerkl\u00e4rung\"}]},{\"@type\":\"WebSite\",\"@id\":\"https:\/\/www.finazzi.org\/#website\",\"url\":\"https:\/\/www.finazzi.org\/\",\"name\":\"Finazzifinance\",\"description\":\"\",\"publisher\":{\"@id\":\"https:\/\/www.finazzi.org\/#organization\"},\"potentialAction\":[{\"@type\":\"SearchAction\",\"target\":{\"@type\":\"EntryPoint\",\"urlTemplate\":\"https:\/\/www.finazzi.org\/?s={search_term_string}\"},\"query-input\":{\"@type\":\"PropertyValueSpecification\",\"valueRequired\":true,\"valueName\":\"search_term_string\"}}],\"inLanguage\":\"de\"},{\"@type\":\"Organization\",\"@id\":\"https:\/\/www.finazzi.org\/#organization\",\"name\":\"Finazzifinance\",\"url\":\"https:\/\/www.finazzi.org\/\",\"logo\":{\"@type\":\"ImageObject\",\"inLanguage\":\"de\",\"@id\":\"https:\/\/www.finazzi.org\/#\/schema\/logo\/image\/\",\"url\":\"https:\/\/www.finazzi.org\/wp-content\/uploads\/2023\/09\/FI_Logo-GmbH_oben_Modifiziert.png\",\"contentUrl\":\"https:\/\/www.finazzi.org\/wp-content\/uploads\/2023\/09\/FI_Logo-GmbH_oben_Modifiziert.png\",\"width\":379,\"height\":77,\"caption\":\"Finazzifinance\"},\"image\":{\"@id\":\"https:\/\/www.finazzi.org\/#\/schema\/logo\/image\/\"}}]}<\/script>\n<!-- \/ Yoast SEO plugin. -->","yoast_head_json":{"title":"Datenschutzerkl\u00e4rung - Finazzifinance","robots":{"index":"index","follow":"follow","max-snippet":"max-snippet:-1","max-image-preview":"max-image-preview:large","max-video-preview":"max-video-preview:-1"},"canonical":"https:\/\/www.finazzi.org\/index.php\/datenschutzerklaerung\/","og_locale":"de_DE","og_type":"article","og_title":"Datenschutzerkl\u00e4rung - Finazzifinance","og_description":"In dieser Datenschutzerkl\u00e4rung erl\u00e4utern wir, die FinazziFinance GmbH, wie wir Personendaten erheben und bearbeiten. Dazu geh\u00f6ren die Speicherung, die Bearbeitung, die Nutzung und das L\u00f6schen usw. Allenfalls regeln andere Datenschutzerkl\u00e4rungen, wie allgemeine Gesch\u00e4ftsbedingungen (AGB), Allgemeine Versicherungsbedingungen (AVB), und \u00e4hnliche Dokumente sowie spezifische Sachverhalte. Unter Personendaten werden alle Angaben verstanden, die sich auf eine bestimmte oder [&hellip;]","og_url":"https:\/\/www.finazzi.org\/index.php\/datenschutzerklaerung\/","og_site_name":"Finazzifinance","article_modified_time":"2023-09-18T10:25:17+00:00","og_image":[{"url":"https:\/\/www.finazzi.org\/wp-content\/uploads\/2023\/09\/Adresse-2.png","type":"","width":"","height":""}],"twitter_card":"summary_large_image","twitter_misc":{"Gesch\u00e4tzte Lesezeit":"8\u00a0Minuten"},"schema":{"@context":"https:\/\/schema.org","@graph":[{"@type":"WebPage","@id":"https:\/\/www.finazzi.org\/index.php\/datenschutzerklaerung\/","url":"https:\/\/www.finazzi.org\/index.php\/datenschutzerklaerung\/","name":"Datenschutzerkl\u00e4rung - Finazzifinance","isPartOf":{"@id":"https:\/\/www.finazzi.org\/#website"},"primaryImageOfPage":{"@id":"https:\/\/www.finazzi.org\/index.php\/datenschutzerklaerung\/#primaryimage"},"image":{"@id":"https:\/\/www.finazzi.org\/index.php\/datenschutzerklaerung\/#primaryimage"},"thumbnailUrl":"https:\/\/www.finazzi.org\/wp-content\/uploads\/2023\/09\/Adresse-2.png","datePublished":"2023-08-28T15:19:38+00:00","dateModified":"2023-09-18T10:25:17+00:00","breadcrumb":{"@id":"https:\/\/www.finazzi.org\/index.php\/datenschutzerklaerung\/#breadcrumb"},"inLanguage":"de","potentialAction":[{"@type":"ReadAction","target":["https:\/\/www.finazzi.org\/index.php\/datenschutzerklaerung\/"]}]},{"@type":"ImageObject","inLanguage":"de","@id":"https:\/\/www.finazzi.org\/index.php\/datenschutzerklaerung\/#primaryimage","url":"https:\/\/www.finazzi.org\/wp-content\/uploads\/2023\/09\/Adresse-2.png","contentUrl":"https:\/\/www.finazzi.org\/wp-content\/uploads\/2023\/09\/Adresse-2.png","width":186,"height":158},{"@type":"BreadcrumbList","@id":"https:\/\/www.finazzi.org\/index.php\/datenschutzerklaerung\/#breadcrumb","itemListElement":[{"@type":"ListItem","position":1,"name":"Startseite","item":"https:\/\/www.finazzi.org\/"},{"@type":"ListItem","position":2,"name":"Datenschutzerkl\u00e4rung"}]},{"@type":"WebSite","@id":"https:\/\/www.finazzi.org\/#website","url":"https:\/\/www.finazzi.org\/","name":"Finazzifinance","description":"","publisher":{"@id":"https:\/\/www.finazzi.org\/#organization"},"potentialAction":[{"@type":"SearchAction","target":{"@type":"EntryPoint","urlTemplate":"https:\/\/www.finazzi.org\/?s={search_term_string}"},"query-input":{"@type":"PropertyValueSpecification","valueRequired":true,"valueName":"search_term_string"}}],"inLanguage":"de"},{"@type":"Organization","@id":"https:\/\/www.finazzi.org\/#organization","name":"Finazzifinance","url":"https:\/\/www.finazzi.org\/","logo":{"@type":"ImageObject","inLanguage":"de","@id":"https:\/\/www.finazzi.org\/#\/schema\/logo\/image\/","url":"https:\/\/www.finazzi.org\/wp-content\/uploads\/2023\/09\/FI_Logo-GmbH_oben_Modifiziert.png","contentUrl":"https:\/\/www.finazzi.org\/wp-content\/uploads\/2023\/09\/FI_Logo-GmbH_oben_Modifiziert.png","width":379,"height":77,"caption":"Finazzifinance"},"image":{"@id":"https:\/\/www.finazzi.org\/#\/schema\/logo\/image\/"}}]}},"_links":{"self":[{"href":"https:\/\/www.finazzi.org\/index.php\/wp-json\/wp\/v2\/pages\/20","targetHints":{"allow":["GET"]}}],"collection":[{"href":"https:\/\/www.finazzi.org\/index.php\/wp-json\/wp\/v2\/pages"}],"about":[{"href":"https:\/\/www.finazzi.org\/index.php\/wp-json\/wp\/v2\/types\/page"}],"author":[{"embeddable":true,"href":"https:\/\/www.finazzi.org\/index.php\/wp-json\/wp\/v2\/users\/1"}],"replies":[{"embeddable":true,"href":"https:\/\/www.finazzi.org\/index.php\/wp-json\/wp\/v2\/comments?post=20"}],"version-history":[{"count":27,"href":"https:\/\/www.finazzi.org\/index.php\/wp-json\/wp\/v2\/pages\/20\/revisions"}],"predecessor-version":[{"id":184,"href":"https:\/\/www.finazzi.org\/index.php\/wp-json\/wp\/v2\/pages\/20\/revisions\/184"}],"wp:attachment":[{"href":"https:\/\/www.finazzi.org\/index.php\/wp-json\/wp\/v2\/media?parent=20"}],"curies":[{"name":"wp","href":"https:\/\/api.w.org\/{rel}","templated":true}]}}